{"id":61,"date":"2025-01-03T20:31:24","date_gmt":"2025-01-03T20:31:24","guid":{"rendered":"https:\/\/adventistasumn.org\/giraestatua\/?page_id=61"},"modified":"2025-03-13T23:59:39","modified_gmt":"2025-03-13T23:59:39","slug":"fechas","status":"publish","type":"page","link":"https:\/\/adventistasumn.org\/giraestatua\/fechas\/","title":{"rendered":"Fechas"},"content":{"rendered":"\n<div class=\"wp-block-columns is-layout-flex wp-container-core-columns-is-layout-9d6595d7 wp-block-columns-is-layout-flex\">\n<div class=\"wp-block-column is-layout-flow wp-block-column-is-layout-flow\" style=\"flex-basis:100%\">\n<p>\ud83d\udd25&nbsp;<strong>\u00a1La profec\u00eda cobra vida!<\/strong>&nbsp;\ud83d\udd25<\/p>\n\n\n\n<p>La impactante&nbsp;<strong>Estatua de Nabucodonosor<\/strong>&nbsp;llega a tu ciudad en una gira \u00fanica que te har\u00e1 reflexionar sobre el pasado, el presente y el futuro. \ud83c\udffa\u2728<\/p>\n\n\n\n<p>\ud83d\udcd6 Descubre el significado de la visi\u00f3n prof\u00e9tica m\u00e1s asombrosa de la historia.<\/p>\n\n\n\n<p>\ud83c\udfa4 Charlas inspiradoras basadas en la Biblia.<\/p>\n\n\n\n<p>\ud83d\udc40 Un recorrido visual que te llevar\u00e1 desde Babilonia hasta nuestros d\u00edas.<\/p>\n\n\n\n<p>\ud83d\udccd&nbsp;<strong>Pr\u00f3ximas fechas y ciudades<\/strong><\/p>\n\n\n\n<p>No te pierdas esta oportunidad de comprender el futuro a la luz de la profec\u00eda. <\/p>\n\n\n\n<p>\u00a1Invita a tus amigos y acomp\u00e1\u00f1anos!<\/p>\n<\/div>\n<\/div>\n\n\n\n<div class=\"wp-block-columns is-layout-flex wp-container-core-columns-is-layout-9d6595d7 wp-block-columns-is-layout-flex\">\n<div class=\"wp-block-column is-layout-flow wp-block-column-is-layout-flow\" style=\"flex-basis:100%\">\n<div class=\"wp-block-columns is-layout-flex wp-container-core-columns-is-layout-9d6595d7 wp-block-columns-is-layout-flex\">\n<div class=\"wp-block-column is-layout-flow wp-block-column-is-layout-flow\"><\/div>\n\n\n\n<div class=\"wp-block-column is-layout-flow wp-block-column-is-layout-flow\"><\/div>\n<\/div>\n<\/div>\n<\/div>\n\n\n\n<p><strong>Sonora | Febrero 11 \u2013 23<\/strong><\/p>\n\n\n\n<figure class=\"wp-block-table\"><table class=\"has-fixed-layout\"><tbody><tr><td><strong>Ciudad<\/strong><\/td><td><strong>Exposici\u00f3n Sue\u00f1o Daniel 2<\/strong><\/td><td><strong>Presentaci\u00f3n Santuario<\/strong><\/td><\/tr><tr><td>Nogales<\/td><td>Febrero 10 \u2013 12<\/td><td>Febrero 12<\/td><\/tr><tr><td>Santa Ana<\/td><td>Febrero 13<\/td><td>Febrero 13<\/td><\/tr><tr><td>Agua Prieta<\/td><td>Febrero 14 \u2013 15<\/td><td>Febrero 15<\/td><\/tr><tr><td>Hermosillo<\/td><td>Febrero 16 \u2013 18<\/td><td>Febrero 18<\/td><\/tr><tr><td>Guaymas<\/td><td>Febrero 19<\/td><td>Febrero 19<\/td><\/tr><tr><td>Navojoa<\/td><td>Febrero 20 \u2013 22<\/td><td>Febrero 22<\/td><\/tr><tr><td>Cd. Obreg\u00f3n<\/td><td>Febrero 23 \u2013 26<\/td><td>Febrero 26<\/td><\/tr><\/tbody><\/table><\/figure>\n\n\n\n<p><strong>Sinaloa | Marzo 10 \u2013 22<\/strong><\/p>\n\n\n\n<figure class=\"wp-block-table\"><table class=\"has-fixed-layout\"><tbody><tr><td><strong>Ciudad<\/strong><\/td><td><strong>Exposici\u00f3n Sue\u00f1o Daniel 2<\/strong><\/td><td><strong>Presentaci\u00f3n Santuario<\/strong><\/td><\/tr><tr><td>Los Mochis<\/td><td>Marzo 10 \u2013 12<\/td><td>Marzo 12<\/td><\/tr><tr><td>Guasave<\/td><td>Marzo 13 \u2013 15<\/td><td>Marzo 15<\/td><\/tr><tr><td>Guamuchil<\/td><td>Marzo 16 \u2013 18<\/td><td>Marzo 19<\/td><\/tr><tr><td>Culiac\u00e1n<\/td><td>Marzo 19 \u2013 22<\/td><td>Marzo 22<\/td><\/tr><\/tbody><\/table><\/figure>\n\n\n\n<p><strong>Occidente | Marzo 31 \u2013 Abril 12<\/strong><\/p>\n\n\n\n<figure class=\"wp-block-table\"><table class=\"has-fixed-layout\"><tbody><tr><td><strong>Ciudad<\/strong><\/td><td><strong>Exposici\u00f3n Sue\u00f1o Daniel 2<\/strong><\/td><td><strong>Presentaci\u00f3n Santuario<\/strong><\/td><\/tr><tr><td>Tepic<\/td><td>Marzo 31 \u2013 Abril 2<\/td><td>Abril 2<\/td><\/tr><tr><td>Puerto Vallarta<\/td><td>Abril 3 \u2013 5<\/td><td>Abril 5<\/td><\/tr><tr><td>Guadalajara<\/td><td>Abril 7 \u2013 12<\/td><td>Abril 12<\/td><\/tr><\/tbody><\/table><\/figure>\n\n\n\n<p><strong>Noreste | Abril 27 \u2013 Mayo 3<\/strong><\/p>\n\n\n\n<figure class=\"wp-block-table\"><table class=\"has-fixed-layout\"><tbody><tr><td><strong>Ciudad<\/strong><\/td><td><strong>Exposici\u00f3n Sue\u00f1o Daniel 2<\/strong><\/td><td><strong>Presentaci\u00f3n Santuario<\/strong><\/td><\/tr><tr><td>San Pedro Garza Garc\u00eda<\/td><td>Abril 27 \u2013 Mayo 3<\/td><td>Mayo 3<\/td><\/tr><tr><td>Cadereyta<\/td><td>Mayo 5 \u2013 7<\/td><td>Mayo 7<\/td><\/tr><tr><td>Linares<\/td><td>Mayo 8 \u2013 10<\/td><td>Mayo 10<\/td><\/tr><\/tbody><\/table><\/figure>\n\n\n\n<p><strong>Golfo | Mayo 23 \u2013 Junio 7<\/strong><\/p>\n\n\n\n<figure class=\"wp-block-table\"><table class=\"has-fixed-layout\"><tbody><tr><td><strong>Ciudad<\/strong><\/td><td><strong>Exposici\u00f3n Sue\u00f1o Daniel<\/strong><\/td><td><strong>Presentaci\u00f3n Santuario<\/strong><\/td><\/tr><tr><td>Ciudad Victoria<\/td><td>Mayo 23 \u2013 24<\/td><td>Mayo 24<\/td><\/tr><tr><td>San Luis Potos\u00ed<\/td><td>Mayo 25 \u2013 28<\/td><td>Mayo 28<\/td><\/tr><tr><td>Cd. Valles<\/td><td>Mayo 30 \u2013 31<\/td><td>Mayo 31<\/td><\/tr><tr><td>Cd. Mante<\/td><td>Junio 1 \u2013 3<\/td><td>Junio 3<\/td><\/tr><tr><td>Altamira<\/td><td>Junio 4 \u2013 7<\/td><td>Junio 7<\/td><\/tr><\/tbody><\/table><\/figure>\n\n\n\n<p><strong>Baja California | Junio 13 \u2013 28<\/strong><\/p>\n\n\n\n<figure class=\"wp-block-table\"><table class=\"has-fixed-layout\"><tbody><tr><td><strong>Ciudad<\/strong><\/td><td><strong>Exposici\u00f3n Sue\u00f1o Daniel 2<\/strong><\/td><td><strong>Presentaci\u00f3n Santuario<\/strong><\/td><\/tr><tr><td>Tijuana<\/td><td>Junio 16 \u2013 21<\/td><td>Junio 21<\/td><\/tr><tr><td>Tecate<\/td><td>Junio 22<\/td><td>Junio 22<\/td><\/tr><tr><td>Ensenada<\/td><td>Junio 23 \u2013 25<\/td><td>Junio 25<\/td><\/tr><tr><td>Mexicali<\/td><td>Junio 26 \u2013 28<\/td><td>Junio 28<\/td><\/tr><\/tbody><\/table><\/figure>\n\n\n\n<p><strong>Norte de Tamaulipas | Julio 13 \u2013 26<\/strong><\/p>\n\n\n\n<figure class=\"wp-block-table\"><table class=\"has-fixed-layout\"><tbody><tr><td><strong>Ciudad<\/strong><\/td><td><strong>Exposici\u00f3n Sue\u00f1o Daniel 2<\/strong><\/td><td><strong>Presentaci\u00f3n Santuario<\/strong><\/td><\/tr><tr><td>Nuevo Laredo<\/td><td>Julio 13 \u2013 16<\/td><td>Julio 16<\/td><\/tr><tr><td>Matamoros<\/td><td>Julio 17 \u2013 19<\/td><td>Julio 19<\/td><\/tr><tr><td>Reynosa<\/td><td>Julio 20 \u2013 26<\/td><td>Julio 26<\/td><\/tr><\/tbody><\/table><\/figure>\n\n\n\n<p><strong>Chihuahua | Agosto 10 \u2013 23<\/strong><\/p>\n\n\n\n<figure class=\"wp-block-table\"><table class=\"has-fixed-layout\"><tbody><tr><td><strong>Ciudad<\/strong><\/td><td><strong>Exposici\u00f3n Sue\u00f1o Daniel 2<\/strong><\/td><td><strong>Presentaci\u00f3n<\/strong>&nbsp;<strong>Santuario<\/strong><\/td><\/tr><tr><td>Cd. Ju\u00e1rez<\/td><td>Agosto 10 \u2013 16<\/td><td>Agosto 16<\/td><\/tr><tr><td>Chihuahua<\/td><td>Agosto 17 \u2013 23<\/td><td>Agosto 23<\/td><\/tr><\/tbody><\/table><\/figure>\n\n\n\n<p><strong>Noroccidente | Septiembre 14 \u2013 27<\/strong><\/p>\n\n\n\n<figure class=\"wp-block-table\"><table class=\"has-fixed-layout\"><tbody><tr><td><strong>Ciudad<\/strong><\/td><td><strong>Exposici\u00f3n Sue\u00f1o Daniel 2<\/strong><\/td><td><strong>Presentaci\u00f3n Santuario<\/strong><\/td><\/tr><tr><td>Durango<\/td><td>Septiembre 14 \u2013 17<\/td><td>Septiembre 17<\/td><\/tr><tr><td>Torre\u00f3n<\/td><td>Septiembre 18 \u2013 20<\/td><td>Septiembre 20<\/td><\/tr><tr><td>R\u00edo Grande<\/td><td>Septiembre 21 \u2013 24<\/td><td>Septiembre 24<\/td><\/tr><tr><td>Zacatecas<\/td><td>Septiembre 25 \u2013 27<\/td><td>Septiembre 27<\/td><\/tr><\/tbody><\/table><\/figure>\n\n\n\n<p><strong>Regiomontana | Octubre 12 \u2013 25<\/strong><\/p>\n\n\n\n<figure class=\"wp-block-table\"><table class=\"has-fixed-layout\"><tbody><tr><td><strong>Ciudad<\/strong><\/td><td><strong>Exposici\u00f3n Sue\u00f1o Daniel 2<\/strong><\/td><td><strong>Presentaci\u00f3n Santuario<\/strong><\/td><\/tr><tr><td>Saltillo<\/td><td>Octubre 12 \u2013 18<\/td><td>Octubre 18<\/td><\/tr><tr><td>Monterrey<\/td><td>Octubre 19 \u2013 25<\/td><td>Octubre 25<\/td><\/tr><\/tbody><\/table><\/figure>\n","protected":false},"excerpt":{"rendered":"<p>\ud83d\udd25&nbsp;\u00a1La profec\u00eda cobra vida!&nbsp;\ud83d\udd25 La impactante&nbsp;Estatua de Nabucodonosor&nbsp;llega a tu ciudad en una gira \u00fanica que te har\u00e1 reflexionar sobre el pasado, el presente y el futuro. \ud83c\udffa\u2728 \ud83d\udcd6 Descubre el significado de la visi\u00f3n prof\u00e9tica m\u00e1s asombrosa de la historia. \ud83c\udfa4 Charlas inspiradoras basadas en la Biblia. \ud83d\udc40 Un recorrido visual que te llevar\u00e1 [&hellip;]<\/p>\n","protected":false},"author":1,"featured_media":0,"parent":0,"menu_order":0,"comment_status":"closed","ping_status":"closed","template":"","meta":{"tdm_status":"disabled","tdm_grid_status":"","footnotes":""},"class_list":["post-61","page","type-page","status-publish"],"_links":{"self":[{"href":"https:\/\/adventistasumn.org\/giraestatua\/wp-json\/wp\/v2\/pages\/61","targetHints":{"allow":["GET"]}}],"collection":[{"href":"https:\/\/adventistasumn.org\/giraestatua\/wp-json\/wp\/v2\/pages"}],"about":[{"href":"https:\/\/adventistasumn.org\/giraestatua\/wp-json\/wp\/v2\/types\/page"}],"author":[{"embeddable":true,"href":"https:\/\/adventistasumn.org\/giraestatua\/wp-json\/wp\/v2\/users\/1"}],"replies":[{"embeddable":true,"href":"https:\/\/adventistasumn.org\/giraestatua\/wp-json\/wp\/v2\/comments?post=61"}],"version-history":[{"count":18,"href":"https:\/\/adventistasumn.org\/giraestatua\/wp-json\/wp\/v2\/pages\/61\/revisions"}],"predecessor-version":[{"id":691,"href":"https:\/\/adventistasumn.org\/giraestatua\/wp-json\/wp\/v2\/pages\/61\/revisions\/691"}],"wp:attachment":[{"href":"https:\/\/adventistasumn.org\/giraestatua\/wp-json\/wp\/v2\/media?parent=61"}],"curies":[{"name":"wp","href":"https:\/\/api.w.org\/{rel}","templated":true}]}}